{"id":26,"date":"2012-05-07T21:24:26","date_gmt":"2012-05-07T19:24:26","guid":{"rendered":"http:\/\/www.mj2artesanos.es\/blog\/?page_id=26"},"modified":"2025-03-22T10:28:53","modified_gmt":"2025-03-22T09:28:53","slug":"contacto-2","status":"publish","type":"page","link":"https:\/\/www.mj2artesanos.es\/blog\/en\/contacto-2\/","title":{"rendered":"Contact"},"content":{"rendered":"<p>\n<div class=\"wpcf7 no-js\" id=\"wpcf7-f2272-o2\" lang=\"es-ES\" dir=\"ltr\" data-wpcf7-id=\"2272\">\n<div class=\"screen-reader-response\"><p role=\"status\" aria-live=\"polite\" aria-atomic=\"true\"><\/p> <ul><\/ul><\/div>\n<form action=\"\/blog\/en\/wp-json\/wp\/v2\/pages\/26#wpcf7-f2272-o2\" method=\"post\" class=\"wpcf7-form init\" aria-label=\"Formulario de contacto\" novalidate=\"novalidate\" data-status=\"init\">\n<fieldset class=\"hidden-fields-container\"><input type=\"hidden\" name=\"_wpcf7\" value=\"2272\" \/><input type=\"hidden\" name=\"_wpcf7_version\" value=\"6.1.5\" \/><input type=\"hidden\" name=\"_wpcf7_locale\" value=\"es_ES\" \/><input type=\"hidden\" name=\"_wpcf7_unit_tag\" value=\"wpcf7-f2272-o2\" \/><input type=\"hidden\" name=\"_wpcf7_container_post\" value=\"0\" \/><input type=\"hidden\" name=\"_wpcf7_posted_data_hash\" value=\"\" \/>\n<\/fieldset>\n<p><label> Your name (required)<br \/>\n<span class=\"wpcf7-form-control-wrap\" data-name=\"your-name\"><input size=\"40\" maxlength=\"400\" class=\"wpcf7-form-control wpcf7-text wpcf7-validates-as-required\" aria-required=\"true\" aria-invalid=\"false\" value=\"\" type=\"text\" name=\"your-name\" \/><\/span> <\/label>\n<\/p>\n<p><label> Your email (required)<br \/>\n<span class=\"wpcf7-form-control-wrap\" data-name=\"your-email\"><input size=\"40\" maxlength=\"400\" class=\"wpcf7-form-control wpcf7-email wpcf7-validates-as-required wpcf7-text wpcf7-validates-as-email\" aria-required=\"true\" aria-invalid=\"false\" value=\"\" type=\"email\" name=\"your-email\" \/><\/span> <\/label>\n<\/p>\n<p><label> Subject<br \/>\n<span class=\"wpcf7-form-control-wrap\" data-name=\"your-subject\"><input size=\"40\" maxlength=\"400\" class=\"wpcf7-form-control wpcf7-text\" aria-invalid=\"false\" value=\"\" type=\"text\" name=\"your-subject\" \/><\/span> <\/label>\n<\/p>\n<p><label> Your message<br \/>\n<span class=\"wpcf7-form-control-wrap\" data-name=\"your-message\"><textarea cols=\"40\" rows=\"10\" maxlength=\"2000\" class=\"wpcf7-form-control wpcf7-textarea\" aria-invalid=\"false\" name=\"your-message\"><\/textarea><\/span> <\/label>\n<\/p>\n<p><input class=\"wpcf7-form-control wpcf7-submit has-spinner\" type=\"submit\" value=\"Submit\" \/>\n<\/p><p style=\"display: none !important;\" class=\"akismet-fields-container\" data-prefix=\"_wpcf7_ak_\"><label>&#916;<textarea name=\"_wpcf7_ak_hp_textarea\" cols=\"45\" rows=\"8\" maxlength=\"100\"><\/textarea><\/label><input type=\"hidden\" id=\"ak_js_2\" name=\"_wpcf7_ak_js\" value=\"74\"\/><script>document.getElementById( \"ak_js_2\" ).setAttribute( \"value\", ( new Date() ).getTime() );<\/script><\/p><div class=\"wpcf7-response-output\" aria-hidden=\"true\"><\/div>\n<\/form>\n<\/div>\n<\/p>\n<p><a href=\"\/\/www.pinterest.com\/pin\/create\/button\/\" data-pin-do=\"buttonBookmark\" data-pin-color=\"red\" data-pin-height=\"128\"><img decoding=\"async\" src=\"\/\/assets.pinterest.com\/images\/pidgets\/pinit_fg_en_rect_red_28.png\" \/><\/a><\/p>","protected":false},"excerpt":{"rendered":"","protected":false},"author":1,"featured_media":0,"parent":0,"menu_order":0,"comment_status":"open","ping_status":"open","template":"","meta":{"_crdt_document":"","advgb_blocks_editor_width":"","advgb_blocks_columns_visual_guide":"","two_page_speed":[],"footnotes":""},"class_list":["post-26","page","type-page","status-publish","hentry"],"yoast_head":"<!-- This site is optimized with the Yoast SEO plugin v27.4 - https:\/\/yoast.com\/product\/yoast-seo-wordpress\/ -->\n<title>Contact - MJ2 Artesanos<\/title>\n<meta name=\"robots\" content=\"index, follow, max-snippet:-1, max-image-preview:large, max-video-preview:-1\" \/>\n<link rel=\"canonical\" href=\"https:\/\/www.mj2artesanos.es\/blog\/contacto-2\/\" \/>\n<meta property=\"og:locale\" content=\"en_US\" \/>\n<meta property=\"og:type\" content=\"article\" \/>\n<meta property=\"og:title\" content=\"[:es]Contacto[:en]Contact[:] - MJ2 Artesanos\" \/>\n<meta property=\"og:url\" content=\"https:\/\/www.mj2artesanos.es\/blog\/contacto-2\/\" \/>\n<meta property=\"og:site_name\" content=\"MJ2 Artesanos\" \/>\n<meta property=\"article:modified_time\" content=\"2025-03-22T09:28:53+00:00\" \/>\n<meta name=\"twitter:card\" content=\"summary_large_image\" \/>\n<script type=\"application\/ld+json\" class=\"yoast-schema-graph\">{\"@context\":\"https:\\\/\\\/schema.org\",\"@graph\":[{\"@type\":\"WebPage\",\"@id\":\"https:\\\/\\\/www.mj2artesanos.es\\\/blog\\\/contacto-2\\\/\",\"url\":\"https:\\\/\\\/www.mj2artesanos.es\\\/blog\\\/contacto-2\\\/\",\"name\":\"[:es]Contacto[:en]Contact[:] - MJ2 Artesanos\",\"isPartOf\":{\"@id\":\"https:\\\/\\\/www.mj2artesanos.es\\\/blog\\\/#website\"},\"datePublished\":\"2012-05-07T19:24:26+00:00\",\"dateModified\":\"2025-03-22T09:28:53+00:00\",\"breadcrumb\":{\"@id\":\"https:\\\/\\\/www.mj2artesanos.es\\\/blog\\\/contacto-2\\\/#breadcrumb\"},\"inLanguage\":\"en-US\",\"potentialAction\":[{\"@type\":\"ReadAction\",\"target\":[\"https:\\\/\\\/www.mj2artesanos.es\\\/blog\\\/contacto-2\\\/\"]}]},{\"@type\":\"BreadcrumbList\",\"@id\":\"https:\\\/\\\/www.mj2artesanos.es\\\/blog\\\/contacto-2\\\/#breadcrumb\",\"itemListElement\":[{\"@type\":\"ListItem\",\"position\":1,\"name\":\"Portada\",\"item\":\"https:\\\/\\\/www.mj2artesanos.es\\\/blog\\\/\"},{\"@type\":\"ListItem\",\"position\":2,\"name\":\"Contacto\"}]},{\"@type\":\"WebSite\",\"@id\":\"https:\\\/\\\/www.mj2artesanos.es\\\/blog\\\/#website\",\"url\":\"https:\\\/\\\/www.mj2artesanos.es\\\/blog\\\/\",\"name\":\"[:es]MJ2 Artesanos[:]\",\"description\":\"R\u00e9plicas artesanales inspiradas en historia, arqueolog\u00eda y cine. Piezas hechas a mano para coleccionistas, recreaci\u00f3n y decoraci\u00f3n. Artesan\u00eda \u00fanica.\",\"publisher\":{\"@id\":\"https:\\\/\\\/www.mj2artesanos.es\\\/blog\\\/#organization\"},\"alternateName\":\"Mj2 Artesanos arte desde el taller\",\"potentialAction\":[{\"@type\":\"SearchAction\",\"target\":{\"@type\":\"EntryPoint\",\"urlTemplate\":\"https:\\\/\\\/www.mj2artesanos.es\\\/blog\\\/?s={search_term_string}\"},\"query-input\":{\"@type\":\"PropertyValueSpecification\",\"valueRequired\":true,\"valueName\":\"search_term_string\"}}],\"inLanguage\":\"en-US\"},{\"@type\":\"Organization\",\"@id\":\"https:\\\/\\\/www.mj2artesanos.es\\\/blog\\\/#organization\",\"name\":\"[:es]MJ2 Artesanos[:]\",\"alternateName\":\"Artesanos del tiempo\",\"url\":\"https:\\\/\\\/www.mj2artesanos.es\\\/blog\\\/\",\"logo\":{\"@type\":\"ImageObject\",\"inLanguage\":\"en-US\",\"@id\":\"https:\\\/\\\/www.mj2artesanos.es\\\/blog\\\/#\\\/schema\\\/logo\\\/image\\\/\",\"url\":\"https:\\\/\\\/www.mj2artesanos.es\\\/blog\\\/wp-content\\\/uploads\\\/2025\\\/05\\\/Logo-2025.png\",\"contentUrl\":\"https:\\\/\\\/www.mj2artesanos.es\\\/blog\\\/wp-content\\\/uploads\\\/2025\\\/05\\\/Logo-2025.png\",\"width\":150,\"height\":150,\"caption\":\"[:es]MJ2 Artesanos[:]\"},\"image\":{\"@id\":\"https:\\\/\\\/www.mj2artesanos.es\\\/blog\\\/#\\\/schema\\\/logo\\\/image\\\/\"}}]}<\/script>\n<!-- \/ Yoast SEO plugin. -->","yoast_head_json":{"title":"[:es]Contacto[:en]Contact[:] - MJ2 Artesanos","robots":{"index":"index","follow":"follow","max-snippet":"max-snippet:-1","max-image-preview":"max-image-preview:large","max-video-preview":"max-video-preview:-1"},"canonical":"https:\/\/www.mj2artesanos.es\/blog\/contacto-2\/","og_locale":"en_US","og_type":"article","og_title":"[:es]Contacto[:en]Contact[:] - MJ2 Artesanos","og_url":"https:\/\/www.mj2artesanos.es\/blog\/contacto-2\/","og_site_name":"MJ2 Artesanos","article_modified_time":"2025-03-22T09:28:53+00:00","twitter_card":"summary_large_image","schema":{"@context":"https:\/\/schema.org","@graph":[{"@type":"WebPage","@id":"https:\/\/www.mj2artesanos.es\/blog\/contacto-2\/","url":"https:\/\/www.mj2artesanos.es\/blog\/contacto-2\/","name":"[:es]Contacto[:en]Contact[:] - MJ2 Artesanos","isPartOf":{"@id":"https:\/\/www.mj2artesanos.es\/blog\/#website"},"datePublished":"2012-05-07T19:24:26+00:00","dateModified":"2025-03-22T09:28:53+00:00","breadcrumb":{"@id":"https:\/\/www.mj2artesanos.es\/blog\/contacto-2\/#breadcrumb"},"inLanguage":"en-US","potentialAction":[{"@type":"ReadAction","target":["https:\/\/www.mj2artesanos.es\/blog\/contacto-2\/"]}]},{"@type":"BreadcrumbList","@id":"https:\/\/www.mj2artesanos.es\/blog\/contacto-2\/#breadcrumb","itemListElement":[{"@type":"ListItem","position":1,"name":"Portada","item":"https:\/\/www.mj2artesanos.es\/blog\/"},{"@type":"ListItem","position":2,"name":"Contacto"}]},{"@type":"WebSite","@id":"https:\/\/www.mj2artesanos.es\/blog\/#website","url":"https:\/\/www.mj2artesanos.es\/blog\/","name":"[:es]MJ2 Artesanos[:]","description":"R\u00e9plicas artesanales inspiradas en historia, arqueolog\u00eda y cine. Piezas hechas a mano para coleccionistas, recreaci\u00f3n y decoraci\u00f3n. Artesan\u00eda \u00fanica.","publisher":{"@id":"https:\/\/www.mj2artesanos.es\/blog\/#organization"},"alternateName":"Mj2 Artesanos arte desde el taller","potentialAction":[{"@type":"SearchAction","target":{"@type":"EntryPoint","urlTemplate":"https:\/\/www.mj2artesanos.es\/blog\/?s={search_term_string}"},"query-input":{"@type":"PropertyValueSpecification","valueRequired":true,"valueName":"search_term_string"}}],"inLanguage":"en-US"},{"@type":"Organization","@id":"https:\/\/www.mj2artesanos.es\/blog\/#organization","name":"[:es]MJ2 Artesanos[:]","alternateName":"Artesanos del tiempo","url":"https:\/\/www.mj2artesanos.es\/blog\/","logo":{"@type":"ImageObject","inLanguage":"en-US","@id":"https:\/\/www.mj2artesanos.es\/blog\/#\/schema\/logo\/image\/","url":"https:\/\/www.mj2artesanos.es\/blog\/wp-content\/uploads\/2025\/05\/Logo-2025.png","contentUrl":"https:\/\/www.mj2artesanos.es\/blog\/wp-content\/uploads\/2025\/05\/Logo-2025.png","width":150,"height":150,"caption":"[:es]MJ2 Artesanos[:]"},"image":{"@id":"https:\/\/www.mj2artesanos.es\/blog\/#\/schema\/logo\/image\/"}}]}},"coauthors":[],"author_meta":{"author_link":"https:\/\/www.mj2artesanos.es\/blog\/en\/author\/cedito\/","display_name":"Mj2"},"relative_dates":{"created":"Posted 14 years ago","modified":"Updated 1 year ago"},"absolute_dates":{"created":"Posted on 7 May, 2012","modified":"Updated on 22 March, 2025"},"absolute_dates_time":{"created":"Posted on 7 May, 2012 21:24","modified":"Updated on 22 March, 2025 10:28"},"featured_img_caption":"","featured_img":false,"series_order":"","_links":{"self":[{"href":"https:\/\/www.mj2artesanos.es\/blog\/en\/wp-json\/wp\/v2\/pages\/26","targetHints":{"allow":["GET"]}}],"collection":[{"href":"https:\/\/www.mj2artesanos.es\/blog\/en\/wp-json\/wp\/v2\/pages"}],"about":[{"href":"https:\/\/www.mj2artesanos.es\/blog\/en\/wp-json\/wp\/v2\/types\/page"}],"author":[{"embeddable":true,"href":"https:\/\/www.mj2artesanos.es\/blog\/en\/wp-json\/wp\/v2\/users\/1"}],"replies":[{"embeddable":true,"href":"https:\/\/www.mj2artesanos.es\/blog\/en\/wp-json\/wp\/v2\/comments?post=26"}],"version-history":[{"count":0,"href":"https:\/\/www.mj2artesanos.es\/blog\/en\/wp-json\/wp\/v2\/pages\/26\/revisions"}],"wp:attachment":[{"href":"https:\/\/www.mj2artesanos.es\/blog\/en\/wp-json\/wp\/v2\/media?parent=26"}],"curies":[{"name":"wp","href":"https:\/\/api.w.org\/{rel}","templated":true}]}}