{"id":2025,"date":"2018-06-20T18:33:51","date_gmt":"2018-06-20T17:33:51","guid":{"rendered":"http:\/\/www.mj2artesanos.es\/blog\/?page_id=2025"},"modified":"2025-03-22T10:34:10","modified_gmt":"2025-03-22T09:34:10","slug":"medios","status":"publish","type":"page","link":"https:\/\/www.mj2artesanos.es\/blog\/medios\/","title":{"rendered":"Medios"},"content":{"rendered":"<p>Aqu\u00ed os dejamos nuestras aparaciones en prensa, radio y televisi\u00f3n.<\/p>\n<ul>\n<li>En el primer cap\u00edtulo de la sexta temporada de la serie de documentales \u00abAncient Aliens\u00bb del Canal Historia, aparecen im\u00e1genes de nuestra\u00a0<span style=\"color: #808080;\"><a style=\"color: #808080;\" href=\"http:\/\/www.mj2artesanos.es\/tienda\/es\/home\/19-tabla-esmeralda.html\">Tabla Esmeralda<\/a><\/span><span style=\"color: #ff0000;\">.<\/span>\u00a0Os dejo una im\u00e1gen en las que aparecemos en los cr\u00e9ditos de dicho documental.<\/li>\n<\/ul>\n<figure id=\"attachment_3147\" aria-describedby=\"caption-attachment-3147\" style=\"width: 584px\" class=\"wp-caption aligncenter\"><img loading=\"lazy\" decoding=\"async\" class=\"wp-image-3147 size-large\" src=\"https:\/\/www.mj2artesanos.es\/blog\/wp-content\/uploads\/2018\/05\/el-poder-del-tres-1024x573.png\" alt=\"\" width=\"584\" height=\"327\" \/><figcaption id=\"caption-attachment-3147\" class=\"wp-caption-text\">Cr\u00e9ditos del cap\u00edtulo donde aparecemos.<\/figcaption><\/figure>\n<ul>\n<li>Para la revista\u00a0<span style=\"color: #808080;\"><a style=\"color: #808080;\" href=\"https:\/\/www.muyinteresante.es\/\">Muy Interesante<\/a><\/span>\u00a0colaboramos con unas im\u00e1genes de las\u00a0<span style=\"color: #808080;\"><a style=\"color: #808080;\" href=\"http:\/\/www.mj2artesanos.es\/tienda\/es\/home\/79-pila-de-bagdad-version-cerrada.html\">Bater\u00edas de Bagdad<\/a>.<\/span>\u00a0Aparecieron en la publicaci\u00f3n de Mayo de 2016 en una edici\u00f3n especial dedicada a la ciencia en la antig\u00fcedad.<\/li>\n<\/ul>\n<div class=\"mceTemp\">\n<p><img loading=\"lazy\" decoding=\"async\" class=\"size-large wp-image-3148\" src=\"https:\/\/www.mj2artesanos.es\/blog\/wp-content\/uploads\/2018\/05\/muy-interesante-1024x1010.png\" alt=\"\" width=\"584\" height=\"576\" \/><\/p>\n<ul id=\"attachment_3148\" class=\"wp-caption aligncenter\" style=\"width: 594px;\">Extracto de la p\u00e1gina donde aparecen nuestras Pilas de Bagdad.<\/ul>\n<\/div>\n<ul>\n<li>La BBC tambi\u00e9n se interes\u00f3 por estas bater\u00edas para un art\u00edculo en su web titulado &#8216;El enigma sin resolver de las \u00abpilas de Bagdad\u00bb&#8216; Pinchando\u00a0<span style=\"color: #808080;\"><a style=\"color: #808080;\" href=\"http:\/\/www.bbc.com\/mundo\/noticias-39558387\">aqu\u00ed<\/a><\/span>\u00a0teneis el enlace a dicha web. Abajo la im\u00e1gen donde aparecemos.<\/li>\n<\/ul>\n<figure id=\"attachment_3149\" aria-describedby=\"caption-attachment-3149\" style=\"width: 678px\" class=\"wp-caption aligncenter\"><img loading=\"lazy\" decoding=\"async\" class=\"size-full wp-image-3149\" src=\"https:\/\/www.mj2artesanos.es\/blog\/wp-content\/uploads\/2018\/05\/BBC.png\" alt=\"\" width=\"678\" height=\"550\" \/><figcaption id=\"caption-attachment-3149\" class=\"wp-caption-text\">Extracto del art\u00edculo de BBC.<\/figcaption><\/figure>\n<ul>\n<li>El d\u00eda 19 de Mayo de 2018 se public\u00f3 una entrevista que nos hizo nuestro amigo Jos\u00e9 Manuel Garc\u00eda Bautista para su programa \u00ab<a href=\"https:\/\/revistavocesdelmisterio.wordpress.com\/\">Voces del Misterio<\/a>\u00bb de Sevilla FC radio. Os dejamos el enlace de dicha entrevista al final del programa.<\/li>\n<\/ul>\n<blockquote class=\"wp-embedded-content\" data-secret=\"cEymfBDjzt\"><p><a href=\"https:\/\/revistavocesdelmisterio.wordpress.com\/2018\/05\/19\/voces-del-misterio-no-597-investigacion-en-el-castillo-del-fantasma-manicomios-y-fenomenos-extranos-torre-de-londres-y-entrevista-a-mj2-artesanos-7\/\">Voces del Misterio n\u00ba.597: Investigaci\u00f3n en el Castillo del fantasma, manicomios y fen\u00f3menos extra\u00f1os, Torre de Londres y entrevista a MJ2&nbsp;Artesanos<\/a><\/p><\/blockquote>\n<p><iframe loading=\"lazy\" class=\"wp-embedded-content\" sandbox=\"allow-scripts\" security=\"restricted\" style=\"position: absolute; visibility: hidden;\" title=\"\u00abVoces del Misterio n\u00ba.597: Investigaci\u00f3n en el Castillo del fantasma, manicomios y fen\u00f3menos extra\u00f1os, Torre de Londres y entrevista a MJ2&nbsp;Artesanos\u00bb \u2014 La esencia misma del Misterio\" src=\"https:\/\/revistavocesdelmisterio.wordpress.com\/2018\/05\/19\/voces-del-misterio-no-597-investigacion-en-el-castillo-del-fantasma-manicomios-y-fenomenos-extranos-torre-de-londres-y-entrevista-a-mj2-artesanos-7\/embed\/#?secret=xv1P6QzVVT#?secret=cEymfBDjzt\" data-secret=\"cEymfBDjzt\" width=\"500\" height=\"282\" frameborder=\"0\" marginwidth=\"0\" marginheight=\"0\" scrolling=\"no\"><\/iframe><\/p>\n<p><a href=\"\/\/www.pinterest.com\/pin\/create\/button\/\" data-pin-do=\"buttonBookmark\" data-pin-color=\"red\" data-pin-height=\"128\"><img decoding=\"async\" src=\"\/\/assets.pinterest.com\/images\/pidgets\/pinit_fg_en_rect_red_28.png\" \/><\/a><\/p>","protected":false},"excerpt":{"rendered":"<p>Aqu\u00ed os dejamos nuestras aparaciones en prensa, radio y televisi\u00f3n. En el primer cap\u00edtulo de la sexta temporada de la serie de documentales \u00abAncient Aliens\u00bb del Canal Historia, aparecen im\u00e1genes de nuestra\u00a0Tabla Esmeralda.\u00a0Os dejo una im\u00e1gen en las que aparecemos en los cr\u00e9ditos de dicho documental. Para la revista\u00a0Muy Interesante\u00a0colaboramos con unas im\u00e1genes de las\u00a0Bater\u00edas [&hellip;]<\/p>\n","protected":false},"author":1,"featured_media":0,"parent":0,"menu_order":0,"comment_status":"closed","ping_status":"closed","template":"","meta":{"_crdt_document":"","advgb_blocks_editor_width":"","advgb_blocks_columns_visual_guide":"","two_page_speed":[],"footnotes":""},"class_list":["post-2025","page","type-page","status-publish","hentry"],"yoast_head":"<!-- This site is optimized with the Yoast SEO plugin v27.5 - https:\/\/yoast.com\/product\/yoast-seo-wordpress\/ -->\n<title>Medios - MJ2 Artesanos<\/title>\n<meta name=\"robots\" content=\"index, follow, max-snippet:-1, max-image-preview:large, max-video-preview:-1\" \/>\n<link rel=\"canonical\" href=\"https:\/\/www.mj2artesanos.es\/blog\/medios\/\" \/>\n<meta property=\"og:locale\" content=\"es_ES\" \/>\n<meta property=\"og:type\" content=\"article\" \/>\n<meta property=\"og:title\" content=\"[:es]Medios[:] - MJ2 Artesanos\" \/>\n<meta property=\"og:description\" content=\"Aqu\u00ed os dejamos nuestras aparaciones en prensa, radio y televisi\u00f3n. En el primer cap\u00edtulo de la sexta temporada de la serie de documentales \u00abAncient Aliens\u00bb del Canal Historia, aparecen im\u00e1genes de nuestra\u00a0Tabla Esmeralda.\u00a0Os dejo una im\u00e1gen en las que aparecemos en los cr\u00e9ditos de dicho documental. Para la revista\u00a0Muy Interesante\u00a0colaboramos con unas im\u00e1genes de las\u00a0Bater\u00edas [&hellip;]\" \/>\n<meta property=\"og:url\" content=\"https:\/\/www.mj2artesanos.es\/blog\/medios\/\" \/>\n<meta property=\"og:site_name\" content=\"MJ2 Artesanos\" \/>\n<meta property=\"article:modified_time\" content=\"2025-03-22T09:34:10+00:00\" \/>\n<meta property=\"og:image\" content=\"http:\/\/www.mj2artesanos.es\/blog\/wp-content\/uploads\/2018\/05\/el-poder-del-tres-1024x573.png\" \/>\n<meta name=\"twitter:card\" content=\"summary_large_image\" \/>\n<meta name=\"twitter:label1\" content=\"Tiempo de lectura\" \/>\n\t<meta name=\"twitter:data1\" content=\"1 minuto\" \/>\n<script type=\"application\/ld+json\" class=\"yoast-schema-graph\">{\"@context\":\"https:\\\/\\\/schema.org\",\"@graph\":[{\"@type\":\"WebPage\",\"@id\":\"https:\\\/\\\/www.mj2artesanos.es\\\/blog\\\/medios\\\/\",\"url\":\"https:\\\/\\\/www.mj2artesanos.es\\\/blog\\\/medios\\\/\",\"name\":\"[:es]Medios[:] - MJ2 Artesanos\",\"isPartOf\":{\"@id\":\"https:\\\/\\\/www.mj2artesanos.es\\\/blog\\\/#website\"},\"primaryImageOfPage\":{\"@id\":\"https:\\\/\\\/www.mj2artesanos.es\\\/blog\\\/medios\\\/#primaryimage\"},\"image\":{\"@id\":\"https:\\\/\\\/www.mj2artesanos.es\\\/blog\\\/medios\\\/#primaryimage\"},\"thumbnailUrl\":\"http:\\\/\\\/www.mj2artesanos.es\\\/blog\\\/wp-content\\\/uploads\\\/2018\\\/05\\\/el-poder-del-tres-1024x573.png\",\"datePublished\":\"2018-06-20T17:33:51+00:00\",\"dateModified\":\"2025-03-22T09:34:10+00:00\",\"breadcrumb\":{\"@id\":\"https:\\\/\\\/www.mj2artesanos.es\\\/blog\\\/medios\\\/#breadcrumb\"},\"inLanguage\":\"es\",\"potentialAction\":[{\"@type\":\"ReadAction\",\"target\":[\"https:\\\/\\\/www.mj2artesanos.es\\\/blog\\\/medios\\\/\"]}]},{\"@type\":\"ImageObject\",\"inLanguage\":\"es\",\"@id\":\"https:\\\/\\\/www.mj2artesanos.es\\\/blog\\\/medios\\\/#primaryimage\",\"url\":\"http:\\\/\\\/www.mj2artesanos.es\\\/blog\\\/wp-content\\\/uploads\\\/2018\\\/05\\\/el-poder-del-tres-1024x573.png\",\"contentUrl\":\"http:\\\/\\\/www.mj2artesanos.es\\\/blog\\\/wp-content\\\/uploads\\\/2018\\\/05\\\/el-poder-del-tres-1024x573.png\"},{\"@type\":\"BreadcrumbList\",\"@id\":\"https:\\\/\\\/www.mj2artesanos.es\\\/blog\\\/medios\\\/#breadcrumb\",\"itemListElement\":[{\"@type\":\"ListItem\",\"position\":1,\"name\":\"Portada\",\"item\":\"https:\\\/\\\/www.mj2artesanos.es\\\/blog\\\/\"},{\"@type\":\"ListItem\",\"position\":2,\"name\":\"Medios\"}]},{\"@type\":\"WebSite\",\"@id\":\"https:\\\/\\\/www.mj2artesanos.es\\\/blog\\\/#website\",\"url\":\"https:\\\/\\\/www.mj2artesanos.es\\\/blog\\\/\",\"name\":\"[:es]MJ2 Artesanos[:]\",\"description\":\"R\u00e9plicas artesanales inspiradas en historia, arqueolog\u00eda y cine. Piezas hechas a mano para coleccionistas, recreaci\u00f3n y decoraci\u00f3n. Artesan\u00eda \u00fanica.\",\"publisher\":{\"@id\":\"https:\\\/\\\/www.mj2artesanos.es\\\/blog\\\/#organization\"},\"alternateName\":\"Mj2 Artesanos arte desde el taller\",\"potentialAction\":[{\"@type\":\"SearchAction\",\"target\":{\"@type\":\"EntryPoint\",\"urlTemplate\":\"https:\\\/\\\/www.mj2artesanos.es\\\/blog\\\/?s={search_term_string}\"},\"query-input\":{\"@type\":\"PropertyValueSpecification\",\"valueRequired\":true,\"valueName\":\"search_term_string\"}}],\"inLanguage\":\"es\"},{\"@type\":\"Organization\",\"@id\":\"https:\\\/\\\/www.mj2artesanos.es\\\/blog\\\/#organization\",\"name\":\"[:es]MJ2 Artesanos[:]\",\"alternateName\":\"Artesanos del tiempo\",\"url\":\"https:\\\/\\\/www.mj2artesanos.es\\\/blog\\\/\",\"logo\":{\"@type\":\"ImageObject\",\"inLanguage\":\"es\",\"@id\":\"https:\\\/\\\/www.mj2artesanos.es\\\/blog\\\/#\\\/schema\\\/logo\\\/image\\\/\",\"url\":\"https:\\\/\\\/www.mj2artesanos.es\\\/blog\\\/wp-content\\\/uploads\\\/2025\\\/05\\\/Logo-2025.png\",\"contentUrl\":\"https:\\\/\\\/www.mj2artesanos.es\\\/blog\\\/wp-content\\\/uploads\\\/2025\\\/05\\\/Logo-2025.png\",\"width\":150,\"height\":150,\"caption\":\"[:es]MJ2 Artesanos[:]\"},\"image\":{\"@id\":\"https:\\\/\\\/www.mj2artesanos.es\\\/blog\\\/#\\\/schema\\\/logo\\\/image\\\/\"}}]}<\/script>\n<!-- \/ Yoast SEO plugin. -->","yoast_head_json":{"title":"[:es]Medios[:] - MJ2 Artesanos","robots":{"index":"index","follow":"follow","max-snippet":"max-snippet:-1","max-image-preview":"max-image-preview:large","max-video-preview":"max-video-preview:-1"},"canonical":"https:\/\/www.mj2artesanos.es\/blog\/medios\/","og_locale":"es_ES","og_type":"article","og_title":"[:es]Medios[:] - MJ2 Artesanos","og_description":"Aqu\u00ed os dejamos nuestras aparaciones en prensa, radio y televisi\u00f3n. En el primer cap\u00edtulo de la sexta temporada de la serie de documentales \u00abAncient Aliens\u00bb del Canal Historia, aparecen im\u00e1genes de nuestra\u00a0Tabla Esmeralda.\u00a0Os dejo una im\u00e1gen en las que aparecemos en los cr\u00e9ditos de dicho documental. Para la revista\u00a0Muy Interesante\u00a0colaboramos con unas im\u00e1genes de las\u00a0Bater\u00edas [&hellip;]","og_url":"https:\/\/www.mj2artesanos.es\/blog\/medios\/","og_site_name":"MJ2 Artesanos","article_modified_time":"2025-03-22T09:34:10+00:00","og_image":[{"url":"http:\/\/www.mj2artesanos.es\/blog\/wp-content\/uploads\/2018\/05\/el-poder-del-tres-1024x573.png","type":"","width":"","height":""}],"twitter_card":"summary_large_image","twitter_misc":{"Tiempo de lectura":"1 minuto"},"schema":{"@context":"https:\/\/schema.org","@graph":[{"@type":"WebPage","@id":"https:\/\/www.mj2artesanos.es\/blog\/medios\/","url":"https:\/\/www.mj2artesanos.es\/blog\/medios\/","name":"[:es]Medios[:] - MJ2 Artesanos","isPartOf":{"@id":"https:\/\/www.mj2artesanos.es\/blog\/#website"},"primaryImageOfPage":{"@id":"https:\/\/www.mj2artesanos.es\/blog\/medios\/#primaryimage"},"image":{"@id":"https:\/\/www.mj2artesanos.es\/blog\/medios\/#primaryimage"},"thumbnailUrl":"http:\/\/www.mj2artesanos.es\/blog\/wp-content\/uploads\/2018\/05\/el-poder-del-tres-1024x573.png","datePublished":"2018-06-20T17:33:51+00:00","dateModified":"2025-03-22T09:34:10+00:00","breadcrumb":{"@id":"https:\/\/www.mj2artesanos.es\/blog\/medios\/#breadcrumb"},"inLanguage":"es","potentialAction":[{"@type":"ReadAction","target":["https:\/\/www.mj2artesanos.es\/blog\/medios\/"]}]},{"@type":"ImageObject","inLanguage":"es","@id":"https:\/\/www.mj2artesanos.es\/blog\/medios\/#primaryimage","url":"http:\/\/www.mj2artesanos.es\/blog\/wp-content\/uploads\/2018\/05\/el-poder-del-tres-1024x573.png","contentUrl":"http:\/\/www.mj2artesanos.es\/blog\/wp-content\/uploads\/2018\/05\/el-poder-del-tres-1024x573.png"},{"@type":"BreadcrumbList","@id":"https:\/\/www.mj2artesanos.es\/blog\/medios\/#breadcrumb","itemListElement":[{"@type":"ListItem","position":1,"name":"Portada","item":"https:\/\/www.mj2artesanos.es\/blog\/"},{"@type":"ListItem","position":2,"name":"Medios"}]},{"@type":"WebSite","@id":"https:\/\/www.mj2artesanos.es\/blog\/#website","url":"https:\/\/www.mj2artesanos.es\/blog\/","name":"[:es]MJ2 Artesanos[:]","description":"R\u00e9plicas artesanales inspiradas en historia, arqueolog\u00eda y cine. Piezas hechas a mano para coleccionistas, recreaci\u00f3n y decoraci\u00f3n. Artesan\u00eda \u00fanica.","publisher":{"@id":"https:\/\/www.mj2artesanos.es\/blog\/#organization"},"alternateName":"Mj2 Artesanos arte desde el taller","potentialAction":[{"@type":"SearchAction","target":{"@type":"EntryPoint","urlTemplate":"https:\/\/www.mj2artesanos.es\/blog\/?s={search_term_string}"},"query-input":{"@type":"PropertyValueSpecification","valueRequired":true,"valueName":"search_term_string"}}],"inLanguage":"es"},{"@type":"Organization","@id":"https:\/\/www.mj2artesanos.es\/blog\/#organization","name":"[:es]MJ2 Artesanos[:]","alternateName":"Artesanos del tiempo","url":"https:\/\/www.mj2artesanos.es\/blog\/","logo":{"@type":"ImageObject","inLanguage":"es","@id":"https:\/\/www.mj2artesanos.es\/blog\/#\/schema\/logo\/image\/","url":"https:\/\/www.mj2artesanos.es\/blog\/wp-content\/uploads\/2025\/05\/Logo-2025.png","contentUrl":"https:\/\/www.mj2artesanos.es\/blog\/wp-content\/uploads\/2025\/05\/Logo-2025.png","width":150,"height":150,"caption":"[:es]MJ2 Artesanos[:]"},"image":{"@id":"https:\/\/www.mj2artesanos.es\/blog\/#\/schema\/logo\/image\/"}}]}},"coauthors":[],"author_meta":{"author_link":"https:\/\/www.mj2artesanos.es\/blog\/author\/cedito\/","display_name":"Mj2"},"relative_dates":{"created":"Publicado 8 a\u00f1os hace","modified":"Actualizado 1 a\u00f1o hace"},"absolute_dates":{"created":"Publicado el 20 junio, 2018","modified":"Actualizado el 22 marzo, 2025"},"absolute_dates_time":{"created":"Publicado el 20 junio, 2018 18:33","modified":"Actualizado el 22 marzo, 2025 10:34"},"featured_img_caption":"","featured_img":false,"series_order":"","_links":{"self":[{"href":"https:\/\/www.mj2artesanos.es\/blog\/wp-json\/wp\/v2\/pages\/2025","targetHints":{"allow":["GET"]}}],"collection":[{"href":"https:\/\/www.mj2artesanos.es\/blog\/wp-json\/wp\/v2\/pages"}],"about":[{"href":"https:\/\/www.mj2artesanos.es\/blog\/wp-json\/wp\/v2\/types\/page"}],"author":[{"embeddable":true,"href":"https:\/\/www.mj2artesanos.es\/blog\/wp-json\/wp\/v2\/users\/1"}],"replies":[{"embeddable":true,"href":"https:\/\/www.mj2artesanos.es\/blog\/wp-json\/wp\/v2\/comments?post=2025"}],"version-history":[{"count":0,"href":"https:\/\/www.mj2artesanos.es\/blog\/wp-json\/wp\/v2\/pages\/2025\/revisions"}],"wp:attachment":[{"href":"https:\/\/www.mj2artesanos.es\/blog\/wp-json\/wp\/v2\/media?parent=2025"}],"curies":[{"name":"wp","href":"https:\/\/api.w.org\/{rel}","templated":true}]}}